{"id":2,"date":"2013-03-04T14:59:07","date_gmt":"2013-03-04T14:59:07","guid":{"rendered":"http:\/\/fabiencaperan.com\/site\/?page_id=2"},"modified":"2025-05-28T19:21:06","modified_gmt":"2025-05-28T18:21:06","slug":"bio","status":"publish","type":"page","link":"http:\/\/fabiencaperan.com\/fr\/bio\/","title":{"rendered":"bio"},"content":{"rendered":"<p><div class=\"col\"><\/p>\n<p>Fabien est un set designer bas\u00e9 \u00e0 New York. Fort de plus de 15 ans d&rsquo;exp\u00e9rience en collaboration avec des marques du secteurs de la beaut\u00e9 et du luxe. Il est \u00e9galement designer industriel, ce qui lui permet explorer les differentes thehnique d&rsquo;artisanat.<\/p>\n<p>Fabien travaille en \u00e9troite collaboration avec des artisans, des photographes et des marques \u00e9tablies. Ses projets vont du set design, de la sc\u00e9nographie, \u00e0 l&rsquo;am\u00e9nagement int\u00e9rieur, refl\u00e9tant une sensibilit\u00e9 design polyvalente et holistique.<\/p>\n<p>Titulaire d&rsquo;un master en design industriel du Royal College of Art de Londres et d&rsquo;un bachelor de l&rsquo;ECAL ( lausanne ) il a travaill\u00e9 en Europe, en Afrique et aux \u00c9tats-Unis<\/p>\n<\/div>\n<p><div class=\"col\"> <img loading=\"lazy\" decoding=\"async\" class=\"alignnone size-medium wp-image-1797\" src=\"http:\/\/fabiencaperan.com\/site\/wp-content\/uploads\/FabienCaperan-portrait-640x825.jpg\" alt=\"\" width=\"640\" height=\"825\" srcset=\"http:\/\/fabiencaperan.com\/site\/wp-content\/uploads\/FabienCaperan-portrait-640x825.jpg 640w, http:\/\/fabiencaperan.com\/site\/wp-content\/uploads\/FabienCaperan-portrait-960x1237.jpg 960w, http:\/\/fabiencaperan.com\/site\/wp-content\/uploads\/FabienCaperan-portrait-768x990.jpg 768w, http:\/\/fabiencaperan.com\/site\/wp-content\/uploads\/FabienCaperan-portrait.jpg 983w\" sizes=\"auto, (max-width: 640px) 100vw, 640px\" \/><\/div><\/p>\n<p><div class=\"col\"> <strong>Contacts<\/strong><\/p>\n<p>Vit actuellement \u00e0 New York, US email: <a href=\"mailto:fabiencaperan@gmail.com\">fabiencaperan@gmail.com<\/a><\/p>\n<p>Pour plus d&rsquo;informations sur mon CV consultez ma page <a href=\"http:\/\/www.linkedin.com\/in\/fabiencaperan\/\">linkedin<\/a>.<\/p>\n<p>Instagram:<\/p>\n<p><a href=\"https:\/\/www.instagram.com\/fabien_caperan\/\">@fabien_caperan\u00a0<\/a><\/p>\n<p><span class=\"_ap3a _aaco _aacu _aacx _aad7 _aade\" dir=\"auto\"><a class=\"x1i10hfl xjbqb8w x1ejq31n xd10rxx x1sy0etr x17r0tee x972fbf xcfux6l x1qhh985 xm0m39n x9f619 x1ypdohk xt0psk2 xe8uvvx xdj266r x11i5rnm xat24cr x1mh8g0r xexx8yu x4uap5 x18d9i69 xkhd6sd x16tdsg8 x1hl2dhg xggy1nq x1a2a7pz notranslate _a6hd\" tabindex=\"0\" role=\"link\" href=\"https:\/\/www.instagram.com\/obfluent_\/?hl=en\">@obfluent_<\/a>\u00a0<\/span><\/p>\n<p><span class=\"_ap3a _aaco _aacu _aacx _aad7 _aade\" dir=\"auto\"><a class=\"x1i10hfl xjbqb8w x1ejq31n xd10rxx x1sy0etr x17r0tee x972fbf xcfux6l x1qhh985 xm0m39n x9f619 x1ypdohk xt0psk2 xe8uvvx xdj266r x11i5rnm xat24cr x1mh8g0r xexx8yu x4uap5 x18d9i69 xkhd6sd x16tdsg8 x1hl2dhg xggy1nq x1a2a7pz notranslate _a6hd\" tabindex=\"0\" role=\"link\" href=\"https:\/\/www.instagram.com\/fab_an_\/?hl=en\">@fab_an_<\/a><\/span><\/p>\n<\/div>\n<div class=\"col\">\n<p><strong>Clients:<\/strong><\/p>\n<p>Aveda, Clinique, Nars, Patrick Ta, Il Makiage,Maybelline, Sephora, Enzo Lazslo, Skin Medica, Eve Lom, The Charles, Gates Creative, Elle, Les Echos, Vogue, H-Magazine,V-Magazine, De Grisogono, Origins, Tory Burch, Oscar de la Renta, Saks, Martell, Tommy Johns and others <\/div><\/p>\n<div class=\"col\">\n<p><strong>Photographers:<\/strong><\/p>\n<p>Damien Ropero, Travis Rathbone, David Prince, McKenzie Thompson, Jean-Marie Binet, Dylan Griffin, Stephen &amp; Rebecca, DiChen Chen, Greg Kadel, Ingmar Chen, Thomas Rousset, Ben Alsop, An Le and others<\/p>\n<p><strong>DPs:<\/strong><\/p>\n<p>Charles Billot, Derek Nelson, Claudio Rietti, Joe Lumbroso, Garen Barsegian, Habib Yazdi, Tyler Nevitt and others <\/div><\/p>\n<p><\/div><\/p>","protected":false},"excerpt":{"rendered":"<p>Fabien est un set designer bas\u00e9 \u00e0 New York. Fort de plus de 15 ans d&rsquo;exp\u00e9rience en collaboration avec des marques du secteurs de la beaut\u00e9 et du luxe. Il est \u00e9galement designer industriel, ce qui lui permet explorer les differentes thehnique d&rsquo;artisanat. Fabien travaille en \u00e9troite collaboration avec des artisans, des photographes et des [&hellip;]<\/p>\n","protected":false},"author":2,"featured_media":0,"parent":0,"menu_order":0,"comment_status":"closed","ping_status":"closed","template":"","meta":{"footnotes":""},"class_list":["post-2","page","type-page","status-publish","hentry"],"_links":{"self":[{"href":"http:\/\/fabiencaperan.com\/fr\/wp-json\/wp\/v2\/pages\/2","targetHints":{"allow":["GET"]}}],"collection":[{"href":"http:\/\/fabiencaperan.com\/fr\/wp-json\/wp\/v2\/pages"}],"about":[{"href":"http:\/\/fabiencaperan.com\/fr\/wp-json\/wp\/v2\/types\/page"}],"author":[{"embeddable":true,"href":"http:\/\/fabiencaperan.com\/fr\/wp-json\/wp\/v2\/users\/2"}],"replies":[{"embeddable":true,"href":"http:\/\/fabiencaperan.com\/fr\/wp-json\/wp\/v2\/comments?post=2"}],"version-history":[{"count":31,"href":"http:\/\/fabiencaperan.com\/fr\/wp-json\/wp\/v2\/pages\/2\/revisions"}],"predecessor-version":[{"id":1896,"href":"http:\/\/fabiencaperan.com\/fr\/wp-json\/wp\/v2\/pages\/2\/revisions\/1896"}],"wp:attachment":[{"href":"http:\/\/fabiencaperan.com\/fr\/wp-json\/wp\/v2\/media?parent=2"}],"curies":[{"name":"wp","href":"https:\/\/api.w.org\/{rel}","templated":true}]}}